{"id":1193,"date":"2017-08-30T16:44:51","date_gmt":"2017-08-30T16:44:51","guid":{"rendered":"http:\/\/www.kidlink.net\/?page_id=1193"},"modified":"2024-02-18T19:32:14","modified_gmt":"2024-02-18T19:32:14","slug":"1193-2","status":"publish","type":"page","link":"https:\/\/www.kidlink.net\/index.php\/ka\/1193-2\/","title":{"rendered":"KA Membership fees."},"content":{"rendered":"<p><img decoding=\"async\" loading=\"lazy\" class=\"alignnone wp-image-2265\" src=\"http:\/\/www.kidlink.net\/wp-content\/uploads\/2019\/01\/GDP_PPP_per_capita_2009_IMF-300x126.png\" alt=\"\" width=\"518\" height=\"229\" \/><\/p>\n<p><span style=\"font-family: arial, helvetica, sans-serif; font-size: 14pt; color: #ff0000;\"><strong style=\"line-height: 1.5;\">The Kidlink Association decided in 2014 to apply a flexible membership fee. Now, the fees range from 1 Euro to 42 Euro.<\/strong><\/span><\/p>\n<p><span style=\"font-family: arial, helvetica, sans-serif; font-size: 12pt;\"><strong>Why a flexible fee?<\/strong><br \/>\nWe want to allow as many Kidlink users as possible, to become <strong>voting<\/strong> Kidlink Association members.<br \/>\nWe have therefore decided to adapt the standard membership fee to the<strong>\u00a0<a href=\"https:\/\/datacatalog.worldbank.org\/dataset\/gni-capita-ranking-atlas-method-and-ppp-based\">Gross National Income per capita (GNI)<\/a><\/strong> of each country, as established by the World Bank.<\/span><\/p>\n<p style=\"text-align: center;\"><span style=\"color: #ff0000;\"><strong><span style=\"font-size: 14pt;\">IMPORTANT<br \/>\nif you pay less than the amount for your area, your payment will be regarded as a support, not as a KA membership fee.<\/span><\/strong><\/span><\/p>\n<p>As our fees are in Euro, check below to see the amount in USD.<\/p>\n<table style=\"height: 316px; width: 307px; border-style: solid; border-color: #1e1a99;\" border=\"2\">\n<tbody>\n<tr>\n<td style=\"width: 88px; background-color: #f8fa8c; text-align: right;\">EURO<\/td>\n<td style=\"width: 199px; background-color: #f8fa8c; text-align: right;\">Value in USD<br \/>\n(as of Dcember 03 2021<\/td>\n<\/tr>\n<tr>\n<td style=\"width: 88px; text-align: right;\">1<\/td>\n<td style=\"width: 199px; text-align: right;\">1.13<\/td>\n<\/tr>\n<tr>\n<td style=\"width: 88px; text-align: right;\">3<\/td>\n<td style=\"width: 199px; text-align: right;\">3.39<\/td>\n<\/tr>\n<tr>\n<td style=\"width: 88px; text-align: right;\">10<\/td>\n<td style=\"width: 199px; text-align: right;\">11.30<\/td>\n<\/tr>\n<tr>\n<td style=\"width: 88px; text-align: right;\">20<\/td>\n<td style=\"width: 199px; text-align: right;\">22.60<\/td>\n<\/tr>\n<tr>\n<td style=\"width: 88px; text-align: right;\">42<\/td>\n<td style=\"width: 199px; text-align: right;\">47.46<\/td>\n<\/tr>\n<tr>\n<td style=\"width: 88px; text-align: right;\">100<\/td>\n<td style=\"width: 199px; text-align: right;\">113,00<\/td>\n<\/tr>\n<tr>\n<td style=\"width: 88px;\"><\/td>\n<td style=\"width: 199px;\"><\/td>\n<\/tr>\n<\/tbody>\n<\/table>\n<h2 style=\"margin-left: 40px;\"><span style=\"font-family: arial, helvetica, sans-serif; font-size: 10pt;\"><strong>42 EURO if you are living in VHI GNI countries:<\/strong><br \/>\n<span style=\"color: #b22222; line-height: 1.5;\">Offer: 20 Euro\u00a0 for the first year.<\/span><\/span><\/h2>\n<p style=\"margin-left: 40px;\"><span style=\"font-family: arial, helvetica, sans-serif; font-size: 10pt;\">Andorra, Aruba, Australia, Austria, Belgium, Bermuda, Brunei Darus Salam, Canada, Cayman Islands, Channel Islands, Denmark, Finland, France, Germany, Greece, Hong Kong, Iceland, Ireland, Isle of Man, Israel, Italy, Japan, Kuwait, Liechtenstein, Luxembourg, Macau, Monaco, Netherlands, Netherlands Antilles, New Zealand, Norway, Qatar, San Marino, Singapore, Slovenia, South Korea, Spain, Sweden, Switzerland, The Bahamas, United Arab Emirates., United Kingdom or\u00a0<\/span><span style=\"font-size: 10pt;\">American Samoa, Antigua and Barbuda, Cyprus, Czech Republic, Equatorial Guinea, Faroe Islands, French Polynesia, Guam, Macau, Malta, Marshall Islands, Mayotte, New Caledonia, Northern Mariana Islands, Oman, Portugal, Saudi Arabia, Slovakia, Trinidad and Tobago or U.S. Virgin Islands, United States.\u00a0<\/span><\/p>\n<hr \/>\n<p style=\"margin-left: 40px;\"><span style=\"font-size: 10pt;\"><span style=\"font-family: arial,helvetica,sans-serif;\"><strong>20 EURO<\/strong><\/span><\/span><span style=\"font-size: 10pt;\"><span style=\"font-family: arial,helvetica,sans-serif;\"><strong>\u00a0\u00a0<\/strong><\/span><strong style=\"font-family: arial, helvetica, sans-serif;\">if you are living in NOT LISTED country :<\/strong><\/span><br \/>\n<span style=\"color: #b22222; font-size: 10pt;\"> <span style=\"font-family: arial,helvetica,sans-serif;\">Offer: 1 EURO <\/span><\/span><span style=\"color: #b22222; font-size: 10pt;\"><span style=\"font-family: arial,helvetica,sans-serif;\">for the first year<\/span><\/span><\/p>\n<p><span style=\"font-family: arial, helvetica, sans-serif; font-size: 10pt; color: #000000;\">Taiwan (lower GNI than VIC and higher than HIC-countries)<\/span><\/p>\n<hr \/>\n<h2 style=\"margin-left: 40px;\"><span style=\"font-size: 10pt;\"><span style=\"font-family: arial,helvetica,sans-serif;\"><strong>3 EURO<\/strong><\/span><\/span><span style=\"font-size: 10pt;\"><span style=\"font-family: arial,helvetica,sans-serif;\"><strong>\u00a0\u00a0<\/strong><\/span><strong style=\"font-family: arial, helvetica, sans-serif;\">if you are living in HIC GNI countries:<\/strong><\/span><br \/>\n<span style=\"color: #b22222; font-size: 10pt;\"> <span style=\"font-family: arial,helvetica,sans-serif;\">Offer: 1 EURO<\/span><\/span><span style=\"color: #b22222; font-size: 10pt;\"><span style=\"font-family: arial,helvetica,sans-serif;\">\u00a0for the first year<\/span><\/span><\/h2>\n<p style=\"margin-left: 40px;\"><span style=\"font-family: arial, helvetica, sans-serif; font-size: 10pt;\">Argentina, Belarus, Botswana, Brazil, Bulgaria, Chile, Costa Rica, Croatia, Estonia, Gabon, Greenland, Hungary, Iran, Kosovo, Latvia, Lebanon, Libya, Lithuania, Malaysia, Mauritius, Mexico, Montenegro, Palau, Panama, Poland, Puerto Rico, Romania, Russia, Saint Kitts and Nevis, Serbia, Seychelles, Turkey, Uruguay or Venezuela.\u00a0<\/span><\/p>\n<p style=\"margin-left: 40px;\"><span style=\"font-family: arial, helvetica, sans-serif; font-size: 10pt;\"><u>.<\/u><\/span><\/p>\n<hr \/>\n<h2 style=\"margin-left: 40px;\"><span style=\"color: #b22222; font-size: 10pt;\"><span style=\"font-family: arial,helvetica,sans-serif;\">1 EURO\u00a0<\/span><\/span><span style=\"font-family: arial, helvetica, sans-serif; font-size: 10pt;\"><strong> if you are living in MIC GNI countries:<\/strong><br \/>\n<\/span><\/h2>\n<p><span style=\"font-size: 10pt;\">Albania, Algeria, Angola, Armenia, Azerbaijan, Belize, Bosnia and Herzegovina, China, Colombia, Dominica, Dominican Republic, Ecuador, Egypt, El Salvador, Grenada, Jamaica, Jordan, Kazakhstan, Macedonia, Maldives, Namibia, Peru, Saint Lucia, Saint Vincent and the Grenadines, South Africa, Suriname, Swaziland, Thailand, Tunisia, Turkmenistan or Ukraine.\u00a0<\/span><\/p>\n<hr \/>\n<h2 style=\"margin-left: 40px;\"><span style=\"color: #b22222; font-size: 10pt;\"><span style=\"font-family: arial,helvetica,sans-serif;\">1 EURO\u00a0\u00a0<\/span><\/span><span style=\"font-family: arial, helvetica, sans-serif; font-size: 10pt;\"><strong>if you are living in LIC GNI countries:<\/strong><\/span><\/h2>\n<p>Bhutan, Bolivia, Cape Verde, Cuba, Fiji, Georgia, Guatemala, Guyana, Honduras, India, Indonesia, Kiribati, Micronesia, Moldova, Mongolia, Morocco, Nicaragua, Pakistan, Paraguay, Philippines, Republic of the Congo, Samoa, Solomon Islands, Sri Lanka, Syria, Timor-Leste, Tonga,Uzbekistan, Vanuatu or Vietnam.<\/p>\n<hr \/>\n<h2 style=\"margin-left: 40px;\"><span style=\"color: #b22222; font-size: 10pt;\"><span style=\"font-family: arial,helvetica,sans-serif;\">1 EURO\u00a0<\/span><\/span><span style=\"font-family: arial, helvetica, sans-serif; font-size: 10pt;\"><strong> if you are living in VLI GNI countries:<\/strong><\/span><\/h2>\n<p><span style=\"font-size: 10pt;\">Afghanistan,Bangladesh, Benin, Burkina Faso, Burma, Burundi, Cambodia, Cameroon, Central African Republic, Chad, Comoros, C\u00f4te d\u2019Ivoire, Democratic Republic of the Congo, Djibouti, Eritrea, Ethiopia, Gambia, Ghana,Guinea, Guinea-Bissau, Haiti, Iraq, Kenya, Kyrgyzstan, Laos, Lesotho,Liberia, Madagascar, Malawi, Mali, Mauritania, Mozambique, Nepal, Niger, Nigeria, North Korea, Papua New Guinea, Rwanda, S\u00e3o Tom\u00e9 and Pr\u00edncipe, Senegal, Sierra Leone, Somalia, Sudan, Tajikistan, Tanzania,Togo, Uganda, West Bank and Gaza, Yemen, Zambia or Zimbabwe.<\/span><\/p>\n<p><span style=\"font-size: 10pt;\"><strong>When do I pay?<\/strong><\/span><\/p>\n<p style=\"margin-left: 40px;\"><span style=\"font-family: arial, helvetica, sans-serif; font-size: 10pt;\">The payment for membership can be done during the whole year. But to get the right to vote at the Annual Meeting the fee must be paid before January 31th . The invitation for the Annual Meeting is sent to all previous years members 31 of December before the Meeting.<\/span><\/p>\n<p><span style=\"font-size: 10pt;\"><strong>How do I Pay?<\/strong> <a href=\"http:\/\/www.kidlink.net\/index.php\/kidlink-association\/fees-payment\/\">Click here to know&#8230;<\/a><\/span><\/p>\n<p style=\"margin-left: 40px;\"><span style=\"font-family: arial, helvetica, sans-serif; font-size: 10pt;\">For any problem regarding fee payment\u00a0Contact us <\/span><\/p>\n<p style=\"margin-left: 40px;\"><span style=\"font-family: arial, helvetica, sans-serif; font-size: 10pt;\">by emailing: <span style=\"color: #0000ff;\"><strong>kidlinkproject@gmail.com<\/strong><\/span><\/span><\/p>\n","protected":false},"excerpt":{"rendered":"<p>The Kidlink Association decided in 2014 to apply a flexible membership fee. Now, the fees range from 1 Euro to 42 Euro. Why a flexible fee? We want to allow as many Kidlink users as possible, to become voting Kidlink &hellip; <a href=\"https:\/\/www.kidlink.net\/index.php\/ka\/1193-2\/\">Continue reading <span class=\"meta-nav\">&rarr;<\/span><\/a><\/p>\n","protected":false},"author":1,"featured_media":0,"parent":23,"menu_order":0,"comment_status":"closed","ping_status":"closed","template":"sidebar-page.php","meta":[],"_links":{"self":[{"href":"https:\/\/www.kidlink.net\/index.php\/wp-json\/wp\/v2\/pages\/1193"}],"collection":[{"href":"https:\/\/www.kidlink.net\/index.php\/wp-json\/wp\/v2\/pages"}],"about":[{"href":"https:\/\/www.kidlink.net\/index.php\/wp-json\/wp\/v2\/types\/page"}],"author":[{"embeddable":true,"href":"https:\/\/www.kidlink.net\/index.php\/wp-json\/wp\/v2\/users\/1"}],"replies":[{"embeddable":true,"href":"https:\/\/www.kidlink.net\/index.php\/wp-json\/wp\/v2\/comments?post=1193"}],"version-history":[{"count":27,"href":"https:\/\/www.kidlink.net\/index.php\/wp-json\/wp\/v2\/pages\/1193\/revisions"}],"predecessor-version":[{"id":46250,"href":"https:\/\/www.kidlink.net\/index.php\/wp-json\/wp\/v2\/pages\/1193\/revisions\/46250"}],"up":[{"embeddable":true,"href":"https:\/\/www.kidlink.net\/index.php\/wp-json\/wp\/v2\/pages\/23"}],"wp:attachment":[{"href":"https:\/\/www.kidlink.net\/index.php\/wp-json\/wp\/v2\/media?parent=1193"}],"curies":[{"name":"wp","href":"https:\/\/api.w.org\/{rel}","templated":true}]}}