{"id":1236,"date":"2017-09-01T14:24:02","date_gmt":"2017-09-01T14:24:02","guid":{"rendered":"http:\/\/www.kidlink.net\/?page_id=1236"},"modified":"2025-11-22T15:47:03","modified_gmt":"2025-11-22T15:47:03","slug":"wall-of-fame","status":"publish","type":"page","link":"https:\/\/www.kidlink.net\/index.php\/wall-of-fame\/","title":{"rendered":"Wall of Fame"},"content":{"rendered":"<p style=\"text-align: center;\"><span style=\"font-size: 16px;\"><span style=\"font-family: lucida sans unicode,lucida grande,sans-serif;\"><strong>Kidlink Project &#8220;Wall of Fame&#8221;<\/strong><\/span><\/span><\/p>\n<p><span style=\"font-family: lucida sans unicode,lucida grande,sans-serif;\"><span style=\"font-size: 14px;\"><strong>Kidlink publicly recognizes these volunteers for their substantial contributions to our community. These volunteers have worked in Kidlink for more than one year, and their contributions are substantial. For details see the list below the photos.<\/strong><\/span><\/span><\/p>\n<p><span style=\"font-family: lucida sans unicode,lucida grande,sans-serif;\"><span style=\"font-size: 14px;\"><strong>\u00a0<img decoding=\"async\" loading=\"lazy\" class=\"alignnone wp-image-2750\" src=\"http:\/\/www.kidlink.net\/wp-content\/uploads\/2019\/11\/adri-300x281.jpg\" alt=\"\" width=\"125\" height=\"118\" \/> <img decoding=\"async\" loading=\"lazy\" class=\"alignnone wp-image-2751\" src=\"http:\/\/www.kidlink.net\/wp-content\/uploads\/2019\/11\/Ar61_1_1178655355.jpg\" alt=\"\" width=\"96\" height=\"113\" \/> <img decoding=\"async\" loading=\"lazy\" class=\"alignnone wp-image-2752\" src=\"http:\/\/www.kidlink.net\/wp-content\/uploads\/2019\/11\/chibante.jpg\" alt=\"\" width=\"123\" height=\"103\" \/> \u00a0<a href=\"http:\/\/www.kidlink.net\/index.php\/eyglo-bjornsdottir\/\"><img decoding=\"async\" loading=\"lazy\" class=\"alignnone wp-image-2754\" src=\"http:\/\/www.kidlink.net\/wp-content\/uploads\/2019\/11\/eyglo.jpg\" alt=\"\" width=\"80\" height=\"102\" \/><\/a> <img decoding=\"async\" loading=\"lazy\" class=\"alignnone wp-image-2755\" src=\"http:\/\/www.kidlink.net\/wp-content\/uploads\/2019\/11\/graziella.jpg\" alt=\"\" width=\"105\" height=\"99\" \/> <img decoding=\"async\" loading=\"lazy\" class=\"alignnone size-medium wp-image-2756\" src=\"http:\/\/www.kidlink.net\/wp-content\/uploads\/2019\/11\/hanne.jpg\" alt=\"\" width=\"105\" height=\"99\" \/> <img decoding=\"async\" loading=\"lazy\" class=\"alignnone wp-image-2757\" src=\"http:\/\/www.kidlink.net\/wp-content\/uploads\/2019\/11\/jing.jpg\" alt=\"\" width=\"95\" height=\"114\" \/> <img decoding=\"async\" loading=\"lazy\" class=\"alignnone wp-image-2760\" src=\"http:\/\/www.kidlink.net\/wp-content\/uploads\/2019\/11\/marisasm.jpg\" alt=\"\" width=\"93\" height=\"109\" \/> <img decoding=\"async\" loading=\"lazy\" class=\"alignnone wp-image-2761\" src=\"http:\/\/www.kidlink.net\/wp-content\/uploads\/2019\/11\/miriam.jpg\" alt=\"\" width=\"89\" height=\"124\" \/> <img decoding=\"async\" loading=\"lazy\" class=\"alignnone wp-image-2762\" src=\"http:\/\/www.kidlink.net\/wp-content\/uploads\/2019\/11\/renata-300x222.jpg\" alt=\"\" width=\"147\" height=\"113\" \/> <img decoding=\"async\" loading=\"lazy\" class=\"alignnone wp-image-2763\" src=\"http:\/\/www.kidlink.net\/wp-content\/uploads\/2019\/11\/robsm.jpg\" alt=\"\" width=\"89\" height=\"110\" \/> \u00a0<img decoding=\"async\" loading=\"lazy\" class=\"alignnone wp-image-2765\" src=\"http:\/\/www.kidlink.net\/wp-content\/uploads\/2019\/11\/roops.jpg\" alt=\"\" width=\"97\" height=\"118\" \/> <img decoding=\"async\" loading=\"lazy\" class=\"alignnone wp-image-2766\" src=\"http:\/\/www.kidlink.net\/wp-content\/uploads\/2019\/11\/tryggvi.jpg\" alt=\"\" width=\"96\" height=\"125\" \/> \u00a0\u00a0<img decoding=\"async\" loading=\"lazy\" class=\"alignnone wp-image-2434\" src=\"http:\/\/www.kidlink.net\/wp-content\/uploads\/2019\/01\/lelysm.jpg\" alt=\"\" width=\"101\" height=\"122\" \/> <img decoding=\"async\" loading=\"lazy\" class=\"alignnone wp-image-2407\" src=\"http:\/\/www.kidlink.net\/wp-content\/uploads\/2019\/01\/rodrigo.jpg\" alt=\"\" width=\"79\" height=\"121\" \/> <img decoding=\"async\" loading=\"lazy\" class=\"alignnone wp-image-2404\" src=\"http:\/\/www.kidlink.net\/wp-content\/uploads\/2019\/01\/miriam.jpg\" alt=\"\" width=\"83\" height=\"116\" \/> \u00a0<img decoding=\"async\" loading=\"lazy\" class=\"alignnone wp-image-2402\" src=\"http:\/\/www.kidlink.net\/wp-content\/uploads\/2019\/01\/larasm.jpg\" alt=\"\" width=\"93\" height=\"115\" \/> \u00a0\u00a0<img decoding=\"async\" loading=\"lazy\" class=\"alignnone wp-image-2400\" src=\"http:\/\/www.kidlink.net\/wp-content\/uploads\/2019\/01\/jing.jpg\" alt=\"\" width=\"91\" height=\"107\" \/> <img decoding=\"async\" loading=\"lazy\" class=\"alignnone wp-image-2401\" src=\"http:\/\/www.kidlink.net\/wp-content\/uploads\/2019\/01\/kiki-1.jpg\" alt=\"\" width=\"88\" height=\"112\" \/> \u00a0\u00a0<img decoding=\"async\" loading=\"lazy\" class=\"alignnone wp-image-2396\" src=\"http:\/\/www.kidlink.net\/wp-content\/uploads\/2019\/01\/claus.jpg\" alt=\"\" width=\"81\" height=\"116\" \/> <img decoding=\"async\" loading=\"lazy\" class=\"alignnone size-full wp-image-2397\" src=\"http:\/\/www.kidlink.net\/wp-content\/uploads\/2019\/01\/eyglo.jpg\" alt=\"\" width=\"105\" height=\"99\" \/> \u00a0<img decoding=\"async\" loading=\"lazy\" class=\"alignnone size-full wp-image-2392\" src=\"http:\/\/www.kidlink.net\/wp-content\/uploads\/2019\/01\/a-domenicof.jpg\" alt=\"\" width=\"105\" height=\"99\" \/> \u00a0<\/strong><\/span><\/span><span style=\"font-family: lucida sans unicode,lucida grande,sans-serif;\"><span style=\"font-size: 14px;\"><strong>\u00a0<img decoding=\"async\" loading=\"lazy\" class=\"alignnone wp-image-2337\" src=\"http:\/\/www.kidlink.net\/wp-content\/uploads\/2019\/01\/hugom.jpg\" alt=\"\" width=\"105\" height=\"106\" \/> <img decoding=\"async\" loading=\"lazy\" class=\"alignnone wp-image-2344\" src=\"http:\/\/www.kidlink.net\/wp-content\/uploads\/2019\/01\/domenico.jpg\" alt=\"\" width=\"96\" height=\"107\" \/> <img decoding=\"async\" loading=\"lazy\" class=\"alignnone wp-image-2345\" src=\"http:\/\/www.kidlink.net\/wp-content\/uploads\/2019\/01\/govinda.jpg\" alt=\"\" width=\"92\" height=\"105\" \/> <img decoding=\"async\" loading=\"lazy\" class=\"alignnone wp-image-2324\" src=\"http:\/\/www.kidlink.net\/wp-content\/uploads\/2019\/01\/odd3_0_0.jpg\" alt=\"\" width=\"83\" height=\"102\" \/> <img decoding=\"async\" loading=\"lazy\" class=\"alignnone wp-image-2325\" src=\"http:\/\/www.kidlink.net\/wp-content\/uploads\/2019\/01\/terry.jpg\" alt=\"\" width=\"109\" height=\"109\" srcset=\"https:\/\/www.kidlink.net\/wp-content\/uploads\/2019\/01\/terry.jpg 160w, https:\/\/www.kidlink.net\/wp-content\/uploads\/2019\/01\/terry-150x150.jpg 150w\" sizes=\"(max-width: 109px) 100vw, 109px\" \/> <img decoding=\"async\" loading=\"lazy\" class=\"alignnone wp-image-2322\" src=\"http:\/\/www.kidlink.net\/wp-content\/uploads\/2019\/01\/lucine-e1521649827126-176x300-176x300.jpg\" alt=\"\" width=\"65\" height=\"105\" \/> <img decoding=\"async\" loading=\"lazy\" class=\"alignnone wp-image-2318\" src=\"http:\/\/www.kidlink.net\/wp-content\/uploads\/2019\/01\/anilk-150x150.jpg\" alt=\"\" width=\"108\" height=\"108\" \/> <img decoding=\"async\" loading=\"lazy\" class=\"alignnone wp-image-2319\" src=\"http:\/\/www.kidlink.net\/wp-content\/uploads\/2019\/01\/a-stellank-2010-1.jpg\" alt=\"\" width=\"88\" height=\"103\" \/> <img decoding=\"async\" loading=\"lazy\" class=\"alignnone size-full wp-image-2320\" src=\"http:\/\/www.kidlink.net\/wp-content\/uploads\/2019\/01\/bonniesm.jpg\" alt=\"\" width=\"105\" height=\"99\" \/> <img decoding=\"async\" loading=\"lazy\" class=\"alignnone wp-image-2321\" src=\"http:\/\/www.kidlink.net\/wp-content\/uploads\/2019\/01\/larisaT-284x300.jpg\" alt=\"\" width=\"97\" height=\"101\" srcset=\"https:\/\/www.kidlink.net\/wp-content\/uploads\/2019\/01\/larisaT-284x300.jpg 284w, https:\/\/www.kidlink.net\/wp-content\/uploads\/2019\/01\/larisaT.jpg 455w\" sizes=\"(max-width: 97px) 100vw, 97px\" \/> <img decoding=\"async\" loading=\"lazy\" class=\"alignnone size-full wp-image-2323\" src=\"http:\/\/www.kidlink.net\/wp-content\/uploads\/2019\/01\/manoel.jpg\" alt=\"\" width=\"105\" height=\"99\" \/>\u00a0<img decoding=\"async\" loading=\"lazy\" class=\"alignnone wp-image-2772\" src=\"http:\/\/www.kidlink.net\/wp-content\/uploads\/2019\/11\/crisp-139x150.jpg\" alt=\"\" width=\"97\" height=\"104\" \/><img decoding=\"async\" loading=\"lazy\" class=\"alignnone wp-image-2781\" src=\"http:\/\/www.kidlink.net\/wp-content\/uploads\/2019\/11\/patti.jpg\" alt=\"\" width=\"87\" height=\"100\" \/><\/strong><\/span><\/span><a href=\"http:\/\/www.kidlink.net\/index.php\/anne-tove-vestfossen\/\"><img decoding=\"async\" loading=\"lazy\" class=\"wp-image-3101 alignleft\" src=\"http:\/\/www.kidlink.net\/wp-content\/uploads\/2020\/05\/annetove-1.jpg\" alt=\"\" width=\"97\" height=\"106\" \/><\/a><\/p>\n<h3>\u00a0Below is a list of all the pages.<\/h3>\n<h3><a href=\"http:\/\/www.kidlink.net\/index.php\/wall-of-fame\/wof-template\/\">PageTemplate<\/a><\/h3>\n<ol class=\"menu clearfix\">\n<li class=\"first leaf menu-depth-4 menu-item-2015\"><a href=\"http:\/\/www.kidlink.net\/index.php\/wof-andre-rombauts\/\">Belgium &#8211; Andr\u00e9 Rombauts<\/a><\/li>\n<li class=\"leaf menu-depth-4 menu-item-2020\"><a href=\"http:\/\/www.kidlink.net\/index.php\/wof-cristiane-cardia-amato\/\">Brasil &#8211; Cristiane Cardia Amato (KiKi)<\/a><\/li>\n<li class=\"leaf menu-depth-4 menu-item-2022\"><a href=\"http:\/\/www.kidlink.net\/index.php\/wof-dulce-brito\/\">Brasil &#8211; Dulce Brito<\/a><\/li>\n<li class=\"leaf menu-depth-4 menu-item-2021\"><a href=\"http:\/\/www.kidlink.net\/index.php\/wof-lucia-marcondes-monteiro-chibante\/\">Brasil &#8211; L\u00facia Marcondes Monteiro Chibante<\/a><\/li>\n<li class=\"leaf menu-depth-4 menu-item-2023\"><a href=\"http:\/\/www.kidlink.net\/index.php\/wof-marisa-lucena\/\">Brasil &#8211; Marisa Lucena<\/a><\/li>\n<li class=\"leaf menu-depth-4 menu-item-2024\"><a href=\"http:\/\/www.kidlink.net\/index.php\/wof-miriam-lerner\/\">Brasil &#8211; Miriam Lerner<\/a><\/li>\n<li class=\"leaf menu-depth-4 menu-item-2025\"><a href=\"http:\/\/www.kidlink.net\/index.php\/wof-renata-portella-de-moura\/\">Brasil &#8211; Renata Portella de Moura<\/a><\/li>\n<li class=\"leaf menu-depth-4 menu-item-2026\"><em><a href=\"http:\/\/www.kidlink.net\/index.php\/wof-rodrigo-fares-barbera\/\">Brasil &#8211; Rodrigo Fares<\/a><\/em><a href=\"http:\/\/www.kidlink.net\/index.php\/wof-rodrigo-fares-barbera\/\"> Barbera<\/a><\/li>\n<li class=\"leaf menu-depth-4 menu-item-2016\"><a href=\"http:\/\/www.kidlink.net\/index.php\/wof-adriana-portella-hollenbeck\/\">Brazil &#8211; Adriana Portella<\/a><a href=\"http:\/\/www.kidlink.net\/index.php\/wof-adriana-portella-hollenbeck\/\"> Hollenbeck<\/a><\/li>\n<li class=\"leaf menu-depth-4 menu-item-2027\"><a href=\"http:\/\/www.kidlink.net\/index.php\/wof-jing-zhang\/\">China &#8211; Jing Zhang<\/a><\/li>\n<li><a href=\"http:\/\/www.kidlink.net\/index.php\/wall-of-fame\/wof-clausberg\/\">Denmark &#8211; Claus Berg<\/a><\/li>\n<li><a href=\"http:\/\/www.kidlink.net\/index.php\/wall-of-fame\/wof-hannewolff\/\">Denmark &#8211; Hanne Wolff<\/a><\/li>\n<li><a href=\"http:\/\/www.kidlink.net\/?page_id=3054&amp;preview=true\">Holland &#8211; Robbert Huittenbroek<\/a><\/li>\n<li><a href=\"http:\/\/www.kidlink.net\/index.php\/2020\/05\/18\/wof-eyglo-bjornsdottir\/\">Iceland &#8211;<\/a>\u00a0<a href=\"http:\/\/www.kidlink.net\/index.php\/eyglo-bjornsdottir\/\">Eygl\u00f3 Bj\u00f6rnsd\u00f3ttir<\/a><\/li>\n<li class=\"leaf menu-depth-4 menu-item-2031\"><a href=\"http:\/\/www.kidlink.net\/?page_id=3062&amp;preview=true\">Iceland &#8211; L\u00e1ra Stef\u00e1nsd\u00f3ttir<\/a><em>\u00a0<\/em><\/li>\n<li><a href=\"http:\/\/www.kidlink.net\/?page_id=3067&amp;preview=true\">Iceland \u2013 Tryggvi Runar Jonsson<\/a><\/li>\n<li><a href=\"http:\/\/www.kidlink.net\/?page_id=3071&amp;preview=true\">India &#8211; Roopal Mehta<\/a><\/li>\n<li class=\"leaf menu-depth-4 menu-item-2051\"><a href=\"http:\/\/www.kidlink.net\/?page_id=3074&amp;preview=true\">Italy &#8211; Domenico Filippini<\/a><\/li>\n<li><a href=\"http:\/\/www.kidlink.net\/index.php\/wall-of-fame\/wof-graziella-seveso\/\">Italy &#8211; Graziella Seveso<\/a><\/li>\n<li class=\"leaf menu-depth-4 menu-item-746\"><a href=\"http:\/\/www.kidlink.net\/index.php\/wall-of-fame\/wof-pia-avolio-de-martino\/\">Italy &#8211; Pia Avolio de Martino<\/a><\/li>\n<li><a href=\"http:\/\/www.kidlink.net\/index.php\/wof-angelo-martinelli\/\">Italy &#8211; Dr\u00a0 Angelo Martinelli<\/a><\/li>\n<li class=\"leaf menu-depth-4 menu-item-2075\"><a href=\"http:\/\/www.kidlink.net\/index.php\/wall-of-fame\/wof-stellan-kinberg\/\">Italy &#8211; Stellan Kinberg<\/a><\/li>\n<li><a href=\"http:\/\/www.kidlink.net\/index.php\/anne-tove-vestfossen\/\">Norway &#8211; Annetove Vestfossen<\/a><\/li>\n<li><a href=\"http:\/\/www.kidlink.net\/index.php\/wall-of-fame\/wof-lars-kristian-klykken\/\">Norway &#8211; Lars Kristian (Bosse) Klykken<\/a><\/li>\n<li><a href=\"http:\/\/www.kidlink.net\/?page_id=3096&amp;preview=true\">Norway &#8211; Odd de Presno<\/a><\/li>\n<li><a href=\"http:\/\/www.kidlink.net\/?page_id=3108&amp;preview=true\">Norway &#8211; Zoran Teofilovic<\/a><\/li>\n<li class=\"leaf menu-depth-4 menu-item-2074\"><a href=\"http:\/\/www.kidlink.net\/index.php\/wall-of-fame\/wof-esperanza-sepulveda-de-colon\/\">Puerto Rico &#8211; Esperanza Sep\u00falveda de Col\u00f3n<\/a><\/li>\n<li class=\"leaf menu-depth-4 menu-item-2073\"><a href=\"http:\/\/www.kidlink.net\/index.php\/wall-of-fame\/wof-mihai-marius-sucan\/\">Romania &#8211; Mihai and Marius Sucan<\/a><\/li>\n<li class=\"leaf menu-depth-4 menu-item-2014\"><a href=\"http:\/\/www.kidlink.net\/index.php\/wall-of-fame\/wof-larisa-tarasevich\/\">Russia &#8211; Larisa Tarasevich<\/a><\/li>\n<li><a href=\"http:\/\/www.kidlink.net\/index.php\/wall-of-fame\/wof-lucine-jhangiryan\/\">Russia &#8211; Lusine Jhangiryan<\/a><\/li>\n<li class=\"leaf menu-depth-4 menu-item-2013\"><a href=\"http:\/\/www.kidlink.net\/index.php\/wall-of-fame\/wof-beverlyn-ferris\/\">USA &#8211; Beverlyn Ferris<\/a><a href=\"https:\/\/www.kidlink.org\/drupal\/node\/274\">\u00a0<\/a><\/li>\n<li class=\"leaf menu-depth-4 menu-item-2067\"><a href=\"http:\/\/www.kidlink.net\/index.php\/wall-of-fame\/wof-bob-davis\/\">USA &#8211; Bob Davis<\/a><\/li>\n<li class=\"leaf menu-depth-4 menu-item-2064\"><a href=\"http:\/\/www.kidlink.net\/index.php\/wall-of-fame\/wof-bonnie-thurber\/\">USA &#8211; Bonnie Thurber<\/a><\/li>\n<li class=\"leaf menu-depth-4 menu-item-2063\"><a href=\"http:\/\/www.kidlink.net\/index.php\/wall-of-fame\/wof-dan-wheeler\/\">USA &#8211; Dan Wheeler<\/a><\/li>\n<li class=\"leaf menu-depth-4 menu-item-2065\"><a href=\"http:\/\/www.kidlink.net\/index.php\/wof-diane-smith\/\">USA &#8211; Diane Smith<\/a><a href=\"https:\/\/www.kidlink.org\/drupal\/node\/307\">\u00a0<\/a><\/li>\n<li class=\"leaf menu-depth-4 menu-item-2066\"><a href=\"http:\/\/www.kidlink.net\/index.php\/wall-of-fame\/wof-ellen-miyasato\/\">USA &#8211; Ellen Miyasato<\/a><\/li>\n<li class=\"leaf menu-depth-4 menu-item-2068\"><a href=\"http:\/\/www.kidlink.net\/index.php\/wall-of-fame\/wof-joy-boehm\/\">USA &#8211; Joy Boehm<\/a><\/li>\n<li class=\"leaf menu-depth-4 menu-item-2069\"><a href=\"http:\/\/www.kidlink.net\/index.php\/wall-of-fame\/wof-laurie-williams\/\">USA &#8211; Laurie Williams\u00a0<\/a><\/li>\n<li class=\"leaf menu-depth-4 menu-item-2070\"><a href=\"http:\/\/www.kidlink.net\/index.php\/wall-of-fame\/wof-marcia-garman-zorn\/\">USA &#8211; Marcia Garman Zorn<\/a><\/li>\n<li class=\"leaf menu-depth-4 menu-item-2071\"><a href=\"http:\/\/www.kidlink.net\/index.php\/wall-of-fame\/wof-mary-esborn\/\">USA &#8211; Mary Esborn\u00a0<\/a><\/li>\n<li class=\"leaf menu-depth-4 menu-item-2019\"><a href=\"http:\/\/www.kidlink.net\/index.php\/wall-of-fame\/wof-patty-weeg\/\">USA &#8211; Patti Weeg\u00a0<\/a><\/li>\n<li class=\"leaf menu-depth-4 menu-item-2080\"><a href=\"http:\/\/www.kidlink.net\/index.php\/wall-of-fame\/wof-terry-k-smith\/\">USA &#8211; Terry K. Smith<\/a><\/li>\n<li class=\"leaf menu-depth-4 menu-item-2072\"><a href=\"http:\/\/www.kidlink.net\/index.php\/wall-of-fame\/wof-steve-crisp\/\">United Kingdom &#8211; Steve Crisp<\/a><\/li>\n<li class=\"last leaf menu-depth-4 menu-item-2037\"><a href=\"http:\/\/www.kidlink.net\/index.php\/wall-of-fame\/wof-lely-nunez-coronel\/\">Uruguay &#8211; Lely Nu\u00f1ez Coronel<\/a><em><a href=\"http:\/\/www.kidlink.net\/index.php\/wall-of-fame\/wof-lely-nunez-coronel\/\">\u00a0<\/a><\/em><\/li>\n<\/ol>\n<p>&nbsp;<\/p>\n","protected":false},"excerpt":{"rendered":"<p>Kidlink Project &#8220;Wall of Fame&#8221; Kidlink publicly recognizes these volunteers for their substantial contributions to our community. These volunteers have worked in Kidlink for more than one year, and their contributions are substantial. For details see the list below the &hellip; <a href=\"https:\/\/www.kidlink.net\/index.php\/wall-of-fame\/\">Continue reading <span class=\"meta-nav\">&rarr;<\/span><\/a><\/p>\n","protected":false},"author":1,"featured_media":0,"parent":0,"menu_order":0,"comment_status":"closed","ping_status":"closed","template":"","meta":[],"_links":{"self":[{"href":"https:\/\/www.kidlink.net\/index.php\/wp-json\/wp\/v2\/pages\/1236"}],"collection":[{"href":"https:\/\/www.kidlink.net\/index.php\/wp-json\/wp\/v2\/pages"}],"about":[{"href":"https:\/\/www.kidlink.net\/index.php\/wp-json\/wp\/v2\/types\/page"}],"author":[{"embeddable":true,"href":"https:\/\/www.kidlink.net\/index.php\/wp-json\/wp\/v2\/users\/1"}],"replies":[{"embeddable":true,"href":"https:\/\/www.kidlink.net\/index.php\/wp-json\/wp\/v2\/comments?post=1236"}],"version-history":[{"count":95,"href":"https:\/\/www.kidlink.net\/index.php\/wp-json\/wp\/v2\/pages\/1236\/revisions"}],"predecessor-version":[{"id":46710,"href":"https:\/\/www.kidlink.net\/index.php\/wp-json\/wp\/v2\/pages\/1236\/revisions\/46710"}],"wp:attachment":[{"href":"https:\/\/www.kidlink.net\/index.php\/wp-json\/wp\/v2\/media?parent=1236"}],"curies":[{"name":"wp","href":"https:\/\/api.w.org\/{rel}","templated":true}]}}