{"id":215,"date":"2017-03-17T13:03:39","date_gmt":"2017-03-17T13:03:39","guid":{"rendered":"http:\/\/www.kidlink.net\/?page_id=215"},"modified":"2025-05-09T01:24:27","modified_gmt":"2025-05-09T01:24:27","slug":"teacher-lounge","status":"publish","type":"page","link":"https:\/\/www.kidlink.net\/index.php\/project-center\/teacher-lounge\/","title":{"rendered":"Kidlink Teachers Room"},"content":{"rendered":"<h1 style=\"text-align: center;\"><span style=\"color: #000000; font-family: arial, helvetica, sans-serif; font-size: 14pt;\">WELCOME TO THE KIDLINK\u00a0 \u00a0TEACHERS ROOM!<\/span><\/h1>\n<h1 style=\"text-align: left;\"><span style=\"color: #000000; font-family: arial, helvetica, sans-serif;\"><img decoding=\"async\" loading=\"lazy\" class=\"size-medium wp-image-2180 alignright\" src=\"http:\/\/www.kidlink.net\/wp-content\/uploads\/2018\/12\/landmark-worksheets-300x260.jpg\" alt=\"\" width=\"300\" height=\"260\" srcset=\"https:\/\/www.kidlink.net\/wp-content\/uploads\/2018\/12\/landmark-worksheets-300x260.jpg 300w, https:\/\/www.kidlink.net\/wp-content\/uploads\/2018\/12\/landmark-worksheets-346x300.jpg 346w, https:\/\/www.kidlink.net\/wp-content\/uploads\/2018\/12\/landmark-worksheets.jpg 547w\" sizes=\"(max-width: 300px) 100vw, 300px\" \/><\/span><\/h1>\n<p><span style=\"color: #000000;\">This is the main teacher information page to learn more about Kidlink. Click on the links in the list to jump down.\u00a0<\/span><span style=\"color: #000000;\">Thank you for visiting!<\/span><span style=\"color: #000000;\">\u00a0<\/span><\/p>\n<p><span style=\"font-size: 18pt;\"><strong><span style=\"color: #000000;\">Page menu<\/span><\/strong><\/span><\/p>\n<ul>\n<li><a href=\"#firsttime\"><span style=\"color: #000000;\"><span style=\"font-family: arial, helvetica, sans-serif;\">First time Visitor?<\/span><\/span><\/a><\/li>\n<li><a href=\"#kidlinkprojects\"><span style=\"font-family: arial, helvetica, sans-serif; color: #000000;\">About Kidlink Projects<\/span><\/a><\/li>\n<li><a href=\"#projectarchive\"><span style=\"color: #000000; font-family: verdana, geneva, sans-serif;\"><span style=\"font-family: helvetica, arial, sans-serif;\">Kidlink Project Archive<\/span><\/span><\/a><\/li>\n<li><a href=\"#suggest\"><span style=\"color: #000000;\">Suggest us\u00a0 a project!<\/span><\/a><\/li>\n<li><a href=\"#projectnetwork\"><span style=\"color: #000000; font-family: arial, helvetica, sans-serif;\">The Kidlink Project Network<\/span><\/a><\/li>\n<li><a href=\"#volunteers\"><span style=\"color: #000000;\">Kidlink needs volunteers<\/span><\/a><\/li>\n<li><a href=\"#photo\"><span style=\"color: #000000; font-family: arial, helvetica, sans-serif;\">About the header sailing photo<\/span><\/a><\/li>\n<\/ul>\n<h2><span style=\"color: #000000; font-size: 18pt;\"><span style=\"font-family: arial, helvetica, sans-serif;\"><a id=\"firsttime\"><\/a>.<\/span><\/span><\/h2>\n<h2><span style=\"color: #000000; font-size: 18pt;\"><span style=\"font-family: arial, helvetica, sans-serif;\">First time Visitor? <\/span><span style=\"font-family: arial, helvetica, sans-serif;\"><strong><span style=\"line-height: 1.5;\">\u00a0<\/span><\/strong><\/span><\/span><\/h2>\n<p><span style=\"color: #000000;\"><span style=\"font-family: arial, helvetica, sans-serif; font-size: 12pt;\">Please Read:\u00a0<a style=\"color: #000000;\" href=\"http:\/\/www.kidlink.net\/index.php\/project-center\/why-kidlink-projects\/\"><u>Why Kidlink Projects\u00a0 |\u00a0<\/u><\/a><a style=\"color: #000000;\" href=\"http:\/\/www.kidlink.net\/index.php\/how-kidlink-works\/\"><u>How Kidlink works\u00a0 |\u00a0\u00a0<\/u><\/a><\/span><span style=\"text-decoration: underline;\"><a style=\"color: #000000; text-decoration: underline;\" href=\"http:\/\/www.kidlink.net\/index.php\/about-kidlink\/working-with-kidlink\/\"><span style=\"font-size: 12pt;\">Working in Kidlink Projects<\/span><br \/>\n<\/a><\/span><\/span><\/p>\n<h2 style=\"text-align: left;\"><span style=\"color: #000000;\"><span style=\"font-family: arial, helvetica, sans-serif;\"><span style=\"font-size: 14pt;\"><strong><a id=\"kidlinkprojects\"><\/a>.<\/strong><\/span><\/span><\/span><\/h2>\n<p style=\"text-align: left;\"><span style=\"color: #000000;\"><span style=\"font-family: arial, helvetica, sans-serif;\"><span style=\"font-size: 14pt;\"><strong>About Kidlink Projects<\/strong><\/span><br \/>\n<\/span><span style=\"font-size: 12pt;\"><span style=\"font-family: arial, helvetica, sans-serif;\">In the menu, click on\u00a0 <u><a style=\"color: #000000;\" href=\"http:\/\/www.kidlink.net\/index.php\/project-center\/\">Project Center<\/a>,<\/u>\u00a0 Select a project, Go to the project page you have chosen to participate in, and follow the instructions to register for it.<br \/>\n(free of charge)<\/span><\/span><\/span><span style=\"color: #000000;\"><span style=\"font-size: 12pt;\"><span style=\"font-family: arial, helvetica, sans-serif;\"><br \/>\n<\/span><\/span><\/span><\/p>\n<h2><span style=\"font-family: verdana, geneva, sans-serif; color: #000000;\"><span style=\"font-size: 18pt;\"><a id=\"kidlinkhistory\"><\/a>.<\/span><\/span><\/h2>\n<h2><span style=\"font-family: verdana, geneva, sans-serif; color: #000000;\"><span style=\"font-size: 18pt;\">Kidlink History<\/span> &#8211;<span style=\"font-size: 12pt;\"> History of \u00a0Global Dialogue<\/span><\/span><\/h2>\n<p><span style=\"font-family: arial, helvetica, sans-serif; color: #000000; font-size: 12pt;\">Enjoy our history pages at <span style=\"text-decoration: underline;\"><a style=\"color: #000000; text-decoration: underline;\" href=\"https:\/\/www.kidlink.org\/history\/index.html\">https:\/\/www.kidlink.org\/history\/index.html<\/a><\/span> to see how our first schools collaborated with fax, ICT, chat, email, etc.<\/span><\/p>\n<p>(<strong>NOTE- Under Construction:<\/strong> <em>We are moving past files from a previous server and will make the History files available when we can. This is the work of Stellan Kinberg<\/em>.)<\/p>\n<h2><span style=\"color: #000000; font-family: verdana, geneva, sans-serif;\"><span style=\"font-family: helvetica, arial, sans-serif; font-size: 18pt;\"><a id=\"projectarchive\"><\/a>.<\/span><\/span><\/h2>\n<p><span style=\"font-family: arial, helvetica, sans-serif; font-size: 12pt; color: #000000;\">As you will see in our history pages (in progress), Kidlink started back in 1990, when no one knew about the Internet when Facebook&#8217;s Zuckerberg was six years old, and long before <em>Altavista and Google\u00a0<\/em>became our main search engine.<\/span><\/p>\n<p><span style=\"font-family: arial, helvetica, sans-serif; font-size: 12pt; color: #000000;\"><a id=\"suggest\"><\/a>.<\/span><\/p>\n<p><span style=\"color: #000000;\"><strong><span style=\"font-size: 18pt;\">Suggest a Project to Us!<\/span>\u00a0<\/strong><\/span><br \/>\n<span style=\"color: #000000;\"> Would you like to coordinate a project, a new project or one from our archive<br \/>\nWrite to\u00a0 kidlinkproject@gmail.com and tell us which project you would like to run.<\/span><\/p>\n<h2 style=\"text-align: left;\"><span style=\"color: #000000; font-family: arial, helvetica, sans-serif; font-size: 18pt;\"><a id=\"projectnetwork\"><\/a>.<\/span><\/h2>\n<h2 style=\"text-align: left;\"><span style=\"color: #000000; font-family: arial, helvetica, sans-serif; font-size: 18pt;\">The Kidlink Project Network<\/span><\/h2>\n<ul>\n<li><span style=\"font-family: arial, helvetica, sans-serif; color: #000000;\"><a style=\"color: #000000;\" href=\"https:\/\/www.facebook.com\/KidlinkProject?fref=ts\" target=\"_blank\" rel=\"noopener noreferrer\"><strong>Facebook<\/strong><\/a>\u00a0&#8211; Our official page in Facebook for the latest news.<\/span><\/li>\n<li><span style=\"font-family: arial, helvetica, sans-serif; font-size: 12pt; color: #000000;\"><strong>Facebook groups:\u00a0<\/strong><u><a style=\"color: #000000;\" href=\"https:\/\/www.facebook.com\/groups\/1783597255186056\/?fref=ts\" target=\"_blank\" rel=\"noopener\">Kidlink Sri Lanka<\/a><\/u>\u00a0 \u00a0 \u00a0 <span style=\"text-decoration: underline;\"><a style=\"color: #000000; text-decoration: underline;\" href=\"https:\/\/www.facebook.com\/groups\/1926155720930579\/\" target=\"_blank\" rel=\"noopener\">\u00a0Kidlink India<\/a><\/span>\u00a0 \u00a0 \u00a0<\/span><\/li>\n<li><span style=\"font-family: arial, helvetica, sans-serif; color: #000000;\"><a style=\"color: #000000;\" href=\"https:\/\/instagram.com\/thekidlinkproject\/\" target=\"_blank\" rel=\"noopener\"><strong>Instagram<\/strong><\/a> &#8211; Our Instagram site<\/span><\/li>\n<li><a href=\"http:\/\/www.kidlink.net\"><strong>www.kidlink.net<\/strong><\/a>\u00a0Information about the Kidlink Association and our projects<\/li>\n<li><span style=\"font-family: arial, helvetica, sans-serif; color: #000000;\"><span style=\"font-family: arial, helvetica, sans-serif;\"><span style=\"font-family: arial, helvetica, sans-serif;\"><strong>www.kidlink.org<\/strong> No longer in service. This was at one time, our main portal for many years linking to many activities and information pages.<\/span><\/span><\/span><\/li>\n<li><span style=\"color: #00ccff;\"><span style=\"font-family: arial, helvetica, sans-serif; color: #3366ff;\"><strong><a style=\"color: #3366ff;\" href=\"https:\/\/www.youtube.com\/user\/KidlinkProject\" target=\"_blank\" rel=\"noopener\">Youtube channel<\/a><\/strong><\/span><\/span><\/li>\n<\/ul>\n<h2 style=\"text-align: left;\"><span style=\"color: #000000; font-size: 14pt;\"><a id=\"volunteers\"><\/a>.<\/span><\/h2>\n<p style=\"text-align: left;\"><strong><span style=\"color: #000000; font-size: 14pt;\">Kidlink Needs Volunteers!<\/span><\/strong><br \/>\n<span style=\"color: #000000; font-size: 12pt;\">We are always looking for new volunteers to join us!<br \/>\nJoin as a Project Leader, Technical Helper or Friend of Kidlink.<\/span><br \/>\n<span style=\"color: #000000; font-size: 12pt;\"> Email us: <a style=\"color: #000000;\" href=\"mailto:kidlinkproject@gmail.com\">kidlinkproject@gmail.com<\/a><\/span><\/p>\n<p><a id=\"photo\"><\/a>.<\/p>\n<h2><span style=\"color: #000000; font-family: arial, helvetica, sans-serif; font-size: 14pt;\">About the header Sailing Photo<\/span><\/h2>\n<p><span style=\"font-family: arial, helvetica, sans-serif; font-size: 12pt; color: #000000;\">The photo that appears in the Header was taken years ago in Sweden during a sailing excursion with students at L\u00f6vg\u00e4rdesskolan in G\u00f6teborg. It is a project they have every August with the ninth grade students. During three days they learn to sail.\u00a0<strong>The photo is a metaphor<\/strong>\u00a0for the journey our Kidlink project students travel together.<\/span><\/p>\n","protected":false},"excerpt":{"rendered":"<p>WELCOME TO THE KIDLINK\u00a0 \u00a0TEACHERS ROOM! This is the main teacher information page to learn more about Kidlink. Click on the links in the list to jump down.\u00a0Thank you for visiting!\u00a0 Page menu First time Visitor? About Kidlink Projects Kidlink &hellip; <a href=\"https:\/\/www.kidlink.net\/index.php\/project-center\/teacher-lounge\/\">Continue reading <span class=\"meta-nav\">&rarr;<\/span><\/a><\/p>\n","protected":false},"author":1,"featured_media":0,"parent":146,"menu_order":0,"comment_status":"closed","ping_status":"closed","template":"","meta":[],"_links":{"self":[{"href":"https:\/\/www.kidlink.net\/index.php\/wp-json\/wp\/v2\/pages\/215"}],"collection":[{"href":"https:\/\/www.kidlink.net\/index.php\/wp-json\/wp\/v2\/pages"}],"about":[{"href":"https:\/\/www.kidlink.net\/index.php\/wp-json\/wp\/v2\/types\/page"}],"author":[{"embeddable":true,"href":"https:\/\/www.kidlink.net\/index.php\/wp-json\/wp\/v2\/users\/1"}],"replies":[{"embeddable":true,"href":"https:\/\/www.kidlink.net\/index.php\/wp-json\/wp\/v2\/comments?post=215"}],"version-history":[{"count":47,"href":"https:\/\/www.kidlink.net\/index.php\/wp-json\/wp\/v2\/pages\/215\/revisions"}],"predecessor-version":[{"id":46602,"href":"https:\/\/www.kidlink.net\/index.php\/wp-json\/wp\/v2\/pages\/215\/revisions\/46602"}],"up":[{"embeddable":true,"href":"https:\/\/www.kidlink.net\/index.php\/wp-json\/wp\/v2\/pages\/146"}],"wp:attachment":[{"href":"https:\/\/www.kidlink.net\/index.php\/wp-json\/wp\/v2\/media?parent=215"}],"curies":[{"name":"wp","href":"https:\/\/api.w.org\/{rel}","templated":true}]}}