{"id":2358,"date":"2019-01-23T12:44:42","date_gmt":"2019-01-23T12:44:42","guid":{"rendered":"http:\/\/www.kidlink.net\/?page_id=2358"},"modified":"2025-11-22T15:49:51","modified_gmt":"2025-11-22T15:49:51","slug":"wof-andre-rombauts","status":"publish","type":"page","link":"https:\/\/www.kidlink.net\/index.php\/wof-andre-rombauts\/","title":{"rendered":"wof &#8211; Andr\u00e9 Rombauts"},"content":{"rendered":"<h1 style=\"text-align: center;\"><span style=\"font-size: 10pt;\">The Kidlink Wall of Fame<\/span><br \/>\n<span style=\"font-size: 10pt;\"> RECOGNIZES<\/span><\/h1>\n<h1 style=\"text-align: center;\"><span style=\"font-size: 10pt;\">Andr\u00e9 Rombauts<br \/>\n<\/span><span style=\"font-size: 10pt;\"><strong>Fl\u00e9rons, Belgium<\/strong><\/span><span style=\"font-size: 10pt;\"><img decoding=\"async\" class=\"aligncenter\" src=\"https:\/\/www.kidlink.org\/images\/drupal\/gallery\/honors\/andre.jpg\" alt=\"\" \/><\/span><\/h1>\n<p><strong><span style=\"font-size: 10pt;\">Andr\u00e9 joined Kidlink in 1994. His contributions are numerous, and include:<\/span><\/strong><\/p>\n<ul>\n<li><span style=\"font-size: 10pt;\">Manager of the French language area since 1998.<\/span><\/li>\n<li><span style=\"font-size: 10pt;\">Member of the I have a dream development team (2000)<\/span><\/li>\n<li><span style=\"font-size: 10pt;\">French Language Coordinator of the Who-Am-I? program\u00a0<\/span><\/li>\n<li><span style=\"font-size: 10pt;\">Member of Kidlink&#8217;s Translations Team.<\/span><\/li>\n<li><span style=\"font-size: 10pt;\">Moderator of Kidcafe-French and Kidleader-French for several years.<\/span><\/li>\n<li><span style=\"font-size: 10pt;\">Member of Kidlink Association, 2008-2010)<\/span><\/li>\n<li><span style=\"font-size: 10pt;\">Board\u00a0Member (2009-2010)<\/span><\/li>\n<\/ul>\n<p><span style=\"font-size: 10pt;\">Thank you very much!<\/span><\/p>\n<p><span style=\"font-size: 10pt;\"><img decoding=\"async\" src=\"http:\/\/www.kidlink.org\/images\/drupal\/user\/2\/odd3_0_0.jpg\" alt=\"\" \/><\/span><br \/>\n<span style=\"font-size: 10pt;\"> Odd de Presno<\/span><br \/>\n<span style=\"font-size: 10pt;\">Original Kidlink Society Executive Director<\/span><\/p>\n<p>&nbsp;<\/p>\n<p>&nbsp;<\/p>\n","protected":false},"excerpt":{"rendered":"<p>The Kidlink Wall of Fame RECOGNIZES Andr\u00e9 Rombauts Fl\u00e9rons, Belgium Andr\u00e9 joined Kidlink in 1994. His contributions are numerous, and include: Manager of the French language area since 1998. Member of the I have a dream development team (2000) French &hellip; <a href=\"https:\/\/www.kidlink.net\/index.php\/wof-andre-rombauts\/\">Continue reading <span class=\"meta-nav\">&rarr;<\/span><\/a><\/p>\n","protected":false},"author":1,"featured_media":0,"parent":0,"menu_order":0,"comment_status":"closed","ping_status":"closed","template":"","meta":[],"_links":{"self":[{"href":"https:\/\/www.kidlink.net\/index.php\/wp-json\/wp\/v2\/pages\/2358"}],"collection":[{"href":"https:\/\/www.kidlink.net\/index.php\/wp-json\/wp\/v2\/pages"}],"about":[{"href":"https:\/\/www.kidlink.net\/index.php\/wp-json\/wp\/v2\/types\/page"}],"author":[{"embeddable":true,"href":"https:\/\/www.kidlink.net\/index.php\/wp-json\/wp\/v2\/users\/1"}],"replies":[{"embeddable":true,"href":"https:\/\/www.kidlink.net\/index.php\/wp-json\/wp\/v2\/comments?post=2358"}],"version-history":[{"count":3,"href":"https:\/\/www.kidlink.net\/index.php\/wp-json\/wp\/v2\/pages\/2358\/revisions"}],"predecessor-version":[{"id":46712,"href":"https:\/\/www.kidlink.net\/index.php\/wp-json\/wp\/v2\/pages\/2358\/revisions\/46712"}],"wp:attachment":[{"href":"https:\/\/www.kidlink.net\/index.php\/wp-json\/wp\/v2\/media?parent=2358"}],"curies":[{"name":"wp","href":"https:\/\/api.w.org\/{rel}","templated":true}]}}