{"id":3062,"date":"2020-05-18T14:28:30","date_gmt":"2020-05-18T14:28:30","guid":{"rendered":"http:\/\/www.kidlink.net\/?page_id=3062"},"modified":"2020-05-18T14:28:30","modified_gmt":"2020-05-18T14:28:30","slug":"wof-lara-stefansdottir","status":"publish","type":"page","link":"https:\/\/www.kidlink.net\/index.php\/wall-of-fame\/wof-lara-stefansdottir\/","title":{"rendered":"WoF &#8211; L\u00e1ra Stef\u00e1nsd\u00f3ttir"},"content":{"rendered":"<p style=\"text-align: center;\"><strong><span style=\"font-family: arial, helvetica, sans-serif; font-size: 14pt;\">The Kidlink Wall of Fame<\/span><\/strong><br \/>\n<strong><span style=\"font-family: arial, helvetica, sans-serif; font-size: 14pt;\">RECOGNIZES<br \/>\n<\/span><\/strong><\/p>\n<h2 style=\"text-align: center;\"><span style=\"font-size: 18pt;\">L\u00e1ra Stef\u00e1nsd\u00f3ttir<\/span><\/h2>\n<p style=\"text-align: center;\"><strong><span style=\"font-family: arial, helvetica, sans-serif; font-size: 12pt;\">Akureyri, Iceland<\/span><\/strong><\/p>\n<p style=\"text-align: center;\"><img decoding=\"async\" loading=\"lazy\" class=\"aligncenter size-full wp-image-2759\" src=\"http:\/\/www.kidlink.net\/wp-content\/uploads\/2019\/11\/larasm.jpg\" alt=\"\" width=\"77\" height=\"100\" \/><\/p>\n<div>L\u00e1ra\u00a0joined Kidlink in March 1992. Her contributions are many, and include:<\/div>\n<ul>\n<li>A Kidlink song (2004)<\/li>\n<li>Member of Kidlink&#8217;s top management team (October 2000 &#8211; October 2004)<\/li>\n<li>Manager of Kidlink-Multi (July 1999 -2007 ).<\/li>\n<li>Contents Development Coordinator of the I Have a Dream program.<\/li>\n<li>Created the Icelandic area within Kidlink in April 1997, and acted as coordinator until September 1998.<\/li>\n<li>Contents Development Coordinator of the Who-Am-I? program (1997\/98).<\/li>\n<li>Assistant Project Director (February 1995 &#8211; May 1999)<\/li>\n<li>Co-founder of the Kidlink Society (1996). Served on the Board of Directors until September 1998.<\/li>\n<li>Have created online courses for teachers about the use of \u00a0Kidlink in the classroom.<\/li>\n<li>Coordinator of Kidforum since the start in 1992 until February 1995.<\/li>\n<li>Coordination of the annual Celebrations (1993 &#8211; 1998).<\/li>\n<li>L\u00e1ra helped a colleague submit student responses to Kidlink&#8217;s four questions in October, 1992.<\/li>\n<li>In Kidlink Institute\/Education since 1998.<\/li>\n<\/ul>\n<p>Thank very much!<\/p>\n<p><img decoding=\"async\" loading=\"lazy\" class=\"alignnone size-full wp-image-2324\" src=\"http:\/\/www.kidlink.net\/wp-content\/uploads\/2019\/01\/odd3_0_0.jpg\" alt=\"\" width=\"90\" height=\"114\" \/><br \/>\nOdd de Presno<br \/>\nKidlink Society Executive Director<\/p>\n<p><img decoding=\"async\" loading=\"lazy\" class=\"alignnone wp-image-2319\" src=\"http:\/\/www.kidlink.net\/wp-content\/uploads\/2019\/01\/a-stellank-2010-1-150x150.jpg\" alt=\"\" width=\"95\" height=\"95\" \/><br \/>\nStellan Kinberg<br \/>\nKidlink Association Chairman<\/p>\n","protected":false},"excerpt":{"rendered":"<p>The Kidlink Wall of Fame RECOGNIZES L\u00e1ra Stef\u00e1nsd\u00f3ttir Akureyri, Iceland L\u00e1ra\u00a0joined Kidlink in March 1992. Her contributions are many, and include: A Kidlink song (2004) Member of Kidlink&#8217;s top management team (October 2000 &#8211; October 2004) Manager of Kidlink-Multi (July &hellip; <a href=\"https:\/\/www.kidlink.net\/index.php\/wall-of-fame\/wof-lara-stefansdottir\/\">Continue reading <span class=\"meta-nav\">&rarr;<\/span><\/a><\/p>\n","protected":false},"author":3,"featured_media":0,"parent":1236,"menu_order":0,"comment_status":"closed","ping_status":"closed","template":"","meta":[],"_links":{"self":[{"href":"https:\/\/www.kidlink.net\/index.php\/wp-json\/wp\/v2\/pages\/3062"}],"collection":[{"href":"https:\/\/www.kidlink.net\/index.php\/wp-json\/wp\/v2\/pages"}],"about":[{"href":"https:\/\/www.kidlink.net\/index.php\/wp-json\/wp\/v2\/types\/page"}],"author":[{"embeddable":true,"href":"https:\/\/www.kidlink.net\/index.php\/wp-json\/wp\/v2\/users\/3"}],"replies":[{"embeddable":true,"href":"https:\/\/www.kidlink.net\/index.php\/wp-json\/wp\/v2\/comments?post=3062"}],"version-history":[{"count":1,"href":"https:\/\/www.kidlink.net\/index.php\/wp-json\/wp\/v2\/pages\/3062\/revisions"}],"predecessor-version":[{"id":3064,"href":"https:\/\/www.kidlink.net\/index.php\/wp-json\/wp\/v2\/pages\/3062\/revisions\/3064"}],"up":[{"embeddable":true,"href":"https:\/\/www.kidlink.net\/index.php\/wp-json\/wp\/v2\/pages\/1236"}],"wp:attachment":[{"href":"https:\/\/www.kidlink.net\/index.php\/wp-json\/wp\/v2\/media?parent=3062"}],"curies":[{"name":"wp","href":"https:\/\/api.w.org\/{rel}","templated":true}]}}